{"id":482,"date":"2021-01-21T22:06:12","date_gmt":"2021-01-21T22:06:12","guid":{"rendered":"http:\/\/musicandcolour.com\/?page_id=482"},"modified":"2024-12-20T22:10:56","modified_gmt":"2024-12-20T22:10:56","slug":"info","status":"publish","type":"page","link":"https:\/\/musicandcolour.com\/es\/info\/","title":{"rendered":"Info"},"content":{"rendered":"[vc_row row_type=\u00bbrow\u00bb use_row_as_full_screen_section=\u00bbno\u00bb type=\u00bbfull_width\u00bb text_align=\u00bbleft\u00bb background_animation=\u00bbnone\u00bb css_animation=\u00bb\u00bb][vc_column][vc_column_text css=\u00bb.vc_custom_1734732650888{margin-top: 100px !important;}\u00bb]\n<h4><span style=\"color: #333333;\"><em>C\u00d3MO USAR EL SITIO<\/em><\/span><\/h4>\n<p>&nbsp;<\/p>\n<ol>\n<li>Las palabras y los nombres en este <span style=\"color: #ce387a;\"><strong>color<\/strong><\/span> tienen un enlace a una p\u00e1gina explicativa. Simplemente haga clic en la palabra o el nombre para abrir esta p\u00e1gina.<\/li>\n<li>Todos los botones en los que se puede hacer clic son <strong>grises<\/strong>. Cuando pasa el mouse sobre \u00e9l, adquieren este <span style=\"color: #e6ae47;\"><strong>color<\/strong><\/span>. Luego puede hacer clic en \u00e9l.<\/li>\n<li>En la <em><strong>lista de pintores<\/strong><\/em> hay que pinchar en el nombre para acceder a sus obras.<\/li>\n<li>Las im\u00e1genes peque\u00f1as de pinturas est\u00e1n vinculadas a una p\u00e1gina grande con m\u00fasica. Simplemente haz clic en \u00e9l.<\/li>\n<li>Las im\u00e1genes en blanco y negro no son accesibles en la parte gratuita del sitio. Debe convertirse en miembro para acceder a \u00e9l.<\/li>\n<li>Para escuchar la m\u00fasica que acompa\u00f1a a una pintura, haga clic en <a href=\"http:\/\/planeteecom.com\/wp-content\/uploads\/2021\/01\/Play.png\"><img loading=\"lazy\" decoding=\"async\" class=\"alignnone size-full wp-image-477\" src=\"http:\/\/musicandcolour.com\/wp-content\/uploads\/2021\/01\/Play.png\" alt=\"\" width=\"34\" height=\"34\" \/><\/a><\/li>\n<li>El sitio est\u00e1 en tres idiomas: franc\u00e9s, ingl\u00e9s, espa\u00f1ol. Puede elegir el idioma en la esquina superior derecha de cada p\u00e1gina.<\/li>\n<\/ol>\n[\/vc_column_text][\/vc_column][\/vc_row]\n","protected":false},"excerpt":{"rendered":"<p>[vc_row row_type=\u00bbrow\u00bb use_row_as_full_screen_section=\u00bbno\u00bb type=\u00bbfull_width\u00bb text_align=\u00bbleft\u00bb background_animation=\u00bbnone\u00bb css_animation=\u00bb\u00bb][vc_column][vc_column_text css=\u00bb.vc_custom_1734732650888{margin-top: 100px !important;}\u00bb] C\u00d3MO USAR EL SITIO &nbsp; Las palabras y los nombres en este color tienen un enlace a una p\u00e1gina explicativa. Simplemente haga clic en la palabra o el nombre para abrir esta p\u00e1gina. Todos los&#8230;<\/p>\n","protected":false},"author":1,"featured_media":0,"parent":0,"menu_order":0,"comment_status":"closed","ping_status":"closed","template":"","meta":{"footnotes":""},"class_list":["post-482","page","type-page","status-publish","hentry"],"yoast_head":"<!-- This site is optimized with the Yoast SEO plugin v27.2 - https:\/\/yoast.com\/product\/yoast-seo-wordpress\/ -->\n<title>Info - Music And Colour<\/title>\n<meta name=\"robots\" content=\"index, follow, max-snippet:-1, max-image-preview:large, max-video-preview:-1\" \/>\n<link rel=\"canonical\" href=\"https:\/\/musicandcolour.com\/es\/info\/\" \/>\n<meta property=\"og:locale\" content=\"es_ES\" \/>\n<meta property=\"og:type\" content=\"article\" \/>\n<meta property=\"og:title\" content=\"Info - Music And Colour\" \/>\n<meta property=\"og:description\" content=\"[vc_row row_type=\u00bbrow\u00bb use_row_as_full_screen_section=\u00bbno\u00bb type=\u00bbfull_width\u00bb text_align=\u00bbleft\u00bb background_animation=\u00bbnone\u00bb css_animation=\u00bb\u00bb][vc_column][vc_column_text css=\u00bb.vc_custom_1734732650888{margin-top: 100px !important;}\u00bb] C\u00d3MO USAR EL SITIO &nbsp; Las palabras y los nombres en este color tienen un enlace a una p\u00e1gina explicativa. Simplemente haga clic en la palabra o el nombre para abrir esta p\u00e1gina. Todos los...\" \/>\n<meta property=\"og:url\" content=\"https:\/\/musicandcolour.com\/es\/info\/\" \/>\n<meta property=\"og:site_name\" content=\"Music And Colour\" \/>\n<meta property=\"article:modified_time\" content=\"2024-12-20T22:10:56+00:00\" \/>\n<meta property=\"og:image\" content=\"https:\/\/musicandcolour.com\/wp-content\/uploads\/2021\/01\/Play.png\" \/>\n\t<meta property=\"og:image:width\" content=\"34\" \/>\n\t<meta property=\"og:image:height\" content=\"34\" \/>\n\t<meta property=\"og:image:type\" content=\"image\/png\" \/>\n<meta name=\"twitter:card\" content=\"summary_large_image\" \/>\n<meta name=\"twitter:label1\" content=\"Tiempo de lectura\" \/>\n\t<meta name=\"twitter:data1\" content=\"2 minutos\" \/>\n<!-- \/ Yoast SEO plugin. -->","yoast_head_json":{"title":"Info - Music And Colour","robots":{"index":"index","follow":"follow","max-snippet":"max-snippet:-1","max-image-preview":"max-image-preview:large","max-video-preview":"max-video-preview:-1"},"canonical":"https:\/\/musicandcolour.com\/es\/info\/","og_locale":"es_ES","og_type":"article","og_title":"Info - Music And Colour","og_description":"[vc_row row_type=\u00bbrow\u00bb use_row_as_full_screen_section=\u00bbno\u00bb type=\u00bbfull_width\u00bb text_align=\u00bbleft\u00bb background_animation=\u00bbnone\u00bb css_animation=\u00bb\u00bb][vc_column][vc_column_text css=\u00bb.vc_custom_1734732650888{margin-top: 100px !important;}\u00bb] C\u00d3MO USAR EL SITIO &nbsp; Las palabras y los nombres en este color tienen un enlace a una p\u00e1gina explicativa. Simplemente haga clic en la palabra o el nombre para abrir esta p\u00e1gina. Todos los...","og_url":"https:\/\/musicandcolour.com\/es\/info\/","og_site_name":"Music And Colour","article_modified_time":"2024-12-20T22:10:56+00:00","og_image":[{"width":34,"height":34,"url":"https:\/\/musicandcolour.com\/wp-content\/uploads\/2021\/01\/Play.png","type":"image\/png"}],"twitter_card":"summary_large_image","twitter_misc":{"Tiempo de lectura":"2 minutos"},"schema":{"@context":"https:\/\/schema.org","@graph":[{"@type":"WebPage","@id":"https:\/\/musicandcolour.com\/es\/info\/","url":"https:\/\/musicandcolour.com\/es\/info\/","name":"Info - Music And Colour","isPartOf":{"@id":"https:\/\/musicandcolour.com\/#website"},"primaryImageOfPage":{"@id":"https:\/\/musicandcolour.com\/es\/info\/#primaryimage"},"image":{"@id":"https:\/\/musicandcolour.com\/es\/info\/#primaryimage"},"thumbnailUrl":"http:\/\/musicandcolour.com\/wp-content\/uploads\/2021\/01\/Play.png","datePublished":"2021-01-21T22:06:12+00:00","dateModified":"2024-12-20T22:10:56+00:00","breadcrumb":{"@id":"https:\/\/musicandcolour.com\/es\/info\/#breadcrumb"},"inLanguage":"es","potentialAction":[{"@type":"ReadAction","target":["https:\/\/musicandcolour.com\/es\/info\/"]}]},{"@type":"ImageObject","inLanguage":"es","@id":"https:\/\/musicandcolour.com\/es\/info\/#primaryimage","url":"http:\/\/musicandcolour.com\/wp-content\/uploads\/2021\/01\/Play.png","contentUrl":"http:\/\/musicandcolour.com\/wp-content\/uploads\/2021\/01\/Play.png"},{"@type":"BreadcrumbList","@id":"https:\/\/musicandcolour.com\/es\/info\/#breadcrumb","itemListElement":[{"@type":"ListItem","position":1,"name":"Accueil","item":"https:\/\/musicandcolour.com\/es\/"},{"@type":"ListItem","position":2,"name":"Info"}]},{"@type":"WebSite","@id":"https:\/\/musicandcolour.com\/#website","url":"https:\/\/musicandcolour.com\/","name":"Music And Colour","description":"Fascinating Experience","potentialAction":[{"@type":"SearchAction","target":{"@type":"EntryPoint","urlTemplate":"https:\/\/musicandcolour.com\/?s={search_term_string}"},"query-input":{"@type":"PropertyValueSpecification","valueRequired":true,"valueName":"search_term_string"}}],"inLanguage":"es"}]}},"_links":{"self":[{"href":"https:\/\/musicandcolour.com\/es\/wp-json\/wp\/v2\/pages\/482","targetHints":{"allow":["GET"]}}],"collection":[{"href":"https:\/\/musicandcolour.com\/es\/wp-json\/wp\/v2\/pages"}],"about":[{"href":"https:\/\/musicandcolour.com\/es\/wp-json\/wp\/v2\/types\/page"}],"author":[{"embeddable":true,"href":"https:\/\/musicandcolour.com\/es\/wp-json\/wp\/v2\/users\/1"}],"replies":[{"embeddable":true,"href":"https:\/\/musicandcolour.com\/es\/wp-json\/wp\/v2\/comments?post=482"}],"version-history":[{"count":5,"href":"https:\/\/musicandcolour.com\/es\/wp-json\/wp\/v2\/pages\/482\/revisions"}],"predecessor-version":[{"id":3287,"href":"https:\/\/musicandcolour.com\/es\/wp-json\/wp\/v2\/pages\/482\/revisions\/3287"}],"wp:attachment":[{"href":"https:\/\/musicandcolour.com\/es\/wp-json\/wp\/v2\/media?parent=482"}],"curies":[{"name":"wp","href":"https:\/\/api.w.org\/{rel}","templated":true}]}}