{"id":293,"date":"2021-01-19T15:28:03","date_gmt":"2021-01-19T15:28:03","guid":{"rendered":"http:\/\/musicandcolour.com\/?page_id=293"},"modified":"2024-12-22T19:26:01","modified_gmt":"2024-12-22T19:26:01","slug":"casa","status":"publish","type":"page","link":"https:\/\/musicandcolour.com\/es\/","title":{"rendered":"Casa"},"content":{"rendered":"[vc_row row_type=\u00bbrow\u00bb use_row_as_full_screen_section=\u00bbno\u00bb type=\u00bbfull_width\u00bb text_align=\u00bbleft\u00bb background_animation=\u00bbnone\u00bb css_animation=\u00bb\u00bb][vc_column][vc_empty_space height=\u00bb200&#8243;][\/vc_column][\/vc_row][vc_row row_type=\u00bbrow\u00bb use_row_as_full_screen_section=\u00bbno\u00bb type=\u00bbfull_width\u00bb text_align=\u00bbcenter\u00bb background_animation=\u00bbnone\u00bb css_animation=\u00bb\u00bb][vc_column width=\u00bb2\/3&#8243;][vc_column_text]\n<h1 style=\"text-align: center;\"><span style=\"color: #0000ff;\"><em>\u00a1BIENVENIDO!<\/em><\/span><\/h1>\n<h1 style=\"text-align: center;\"><span style=\"color: #0000ff;\"><em>LE INVITAMOS A VIVIR UNA EXPERIENCIA DE SONIDOS Y COLOR<\/em><\/span><\/h1>\n<p style=\"text-align: center;\"><strong><em>Varios artistas, pintores o m\u00fasicos, eran <span style=\"color: #ce387a;\"><a style=\"color: #ce387a;\" href=\"https:\/\/es.wikipedia.org\/wiki\/Sinestesia\">sinest\u00e9sicos<\/a><\/span> o <span style=\"color: #ce387a;\"><a style=\"color: #ce387a;\" href=\"https:\/\/es.wikipedia.org\/wiki\/Sinestesia#La_sinestesia_y_el_arte\">cromaest\u00e9sicos<\/a><\/span>, una condici\u00f3n neurol\u00f3gica que asocia colores y m\u00fasica.<\/em><\/strong><\/p>\n<p style=\"text-align: center;\"><strong><em>La conexi\u00f3n de colores, formas y m\u00fasica es una experiencia fascinante.<\/em><\/strong><\/p>\n<p style=\"text-align: center;\"><strong><em>Encontrar\u00e1 dentro de este sitio innumerables representaciones de pinturas de grandes maestros a las que hemos asociado un extracto de m\u00fasica, seg\u00fan nuestra inspiraci\u00f3n.<\/em><\/strong><\/p>\n<h3 style=\"text-align: center;\"><strong><em>Le deseamos un viaje<\/em><\/strong><\/h3>\n<h3 style=\"text-align: center;\"><strong><em>maravilloso<\/em><\/strong><strong><em>!<\/em><\/strong><\/h3>\n<p style=\"text-align: center;\"><em>(las palabras y los nombres de este <span style=\"color: #ce387a;\"><strong>color<\/strong><\/span> tienen un enlace a una p\u00e1gina explicativa)<\/em><\/p>\n[\/vc_column_text][vc_empty_space][\/vc_column][vc_column width=\u00bb1\/3&#8243;][vc_single_image image=\u00bb49&#8243; img_size=\u00bbfull\u00bb alignment=\u00bbcenter\u00bb qode_css_animation=\u00bb\u00bb][\/vc_column][\/vc_row][vc_row row_type=\u00bbrow\u00bb use_row_as_full_screen_section=\u00bbno\u00bb type=\u00bbfull_width\u00bb text_align=\u00bbleft\u00bb background_animation=\u00bbnone\u00bb css_animation=\u00bb\u00bb][vc_column width=\u00bb1\/4&#8243;][\/vc_column][vc_column width=\u00bb1\/4&#8243;]<a href=\"http:\/\/musicandcolour.com\/es\/listadepintores\/\" target=\"_self\"  class=\"qbutton  medium qbutton_with_icon\" style=\"border-color: #dd3333; \">empieza aqui<i class=\"qode_icon_font_awesome fa  button_icon\" style=\"\" ><\/i><\/a>[\/vc_column][vc_column width=\u00bb1\/4&#8243;][\/vc_column][vc_column width=\u00bb1\/4&#8243;][\/vc_column][\/vc_row][vc_row row_type=\u00bbrow\u00bb use_row_as_full_screen_section=\u00bbno\u00bb type=\u00bbfull_width\u00bb text_align=\u00bbleft\u00bb background_animation=\u00bbnone\u00bb css_animation=\u00bb\u00bb css=\u00bb.vc_custom_1644582754997{margin-top: 30px !important;}\u00bb][vc_column width=\u00bb2\/3&#8243;][vc_column_text]\n<p style=\"text-align: center; font-size: 16px;\"><a href=\"http:\/\/musicandcolour.com\/es\/don\/\"><strong><em>\u2192 Contribuci\u00f3n al desarrollo de la Music and Color \u2190<\/em><\/strong><\/a><\/p>\n[\/vc_column_text][\/vc_column][vc_column width=\u00bb1\/3&#8243;][\/vc_column][\/vc_row]\n","protected":false},"excerpt":{"rendered":"<p>[vc_row row_type=\u00bbrow\u00bb use_row_as_full_screen_section=\u00bbno\u00bb type=\u00bbfull_width\u00bb text_align=\u00bbleft\u00bb background_animation=\u00bbnone\u00bb css_animation=\u00bb\u00bb][vc_column][vc_empty_space height=\u00bb200&#8243;][\/vc_column][\/vc_row][vc_row row_type=\u00bbrow\u00bb use_row_as_full_screen_section=\u00bbno\u00bb type=\u00bbfull_width\u00bb text_align=\u00bbcenter\u00bb background_animation=\u00bbnone\u00bb css_animation=\u00bb\u00bb][vc_column width=\u00bb2\/3&#8243;][vc_column_text] \u00a1BIENVENIDO! LE INVITAMOS A VIVIR UNA EXPERIENCIA DE SONIDOS Y COLOR Varios artistas, pintores o m\u00fasicos, eran sinest\u00e9sicos o cromaest\u00e9sicos, una condici\u00f3n neurol\u00f3gica que asocia colores y m\u00fasica. La conexi\u00f3n&#8230;<\/p>\n","protected":false},"author":1,"featured_media":0,"parent":0,"menu_order":0,"comment_status":"closed","ping_status":"closed","template":"","meta":{"footnotes":""},"class_list":["post-293","page","type-page","status-publish","hentry"],"yoast_head":"<!-- This site is optimized with the Yoast SEO plugin v27.2 - https:\/\/yoast.com\/product\/yoast-seo-wordpress\/ -->\n<title>Casa - Music And Colour<\/title>\n<meta name=\"description\" content=\"Explore el fascinante mundo de la sinestesia m\u00fasica\/color en musicandcolour.com. Descubra c\u00f3mo algunas personas perciben los sonidos como colores y explore las conexiones profundas entre la m\u00fasica y la percepci\u00f3n visual.\" \/>\n<meta name=\"robots\" content=\"index, follow, max-snippet:-1, max-image-preview:large, max-video-preview:-1\" \/>\n<link rel=\"canonical\" href=\"https:\/\/musicandcolour.com\/es\/\" \/>\n<meta property=\"og:locale\" content=\"es_ES\" \/>\n<meta property=\"og:type\" content=\"article\" \/>\n<meta property=\"og:title\" content=\"Casa - Music And Colour\" \/>\n<meta property=\"og:description\" content=\"Explore el fascinante mundo de la sinestesia m\u00fasica\/color en musicandcolour.com. Descubra c\u00f3mo algunas personas perciben los sonidos como colores y explore las conexiones profundas entre la m\u00fasica y la percepci\u00f3n visual.\" \/>\n<meta property=\"og:url\" content=\"https:\/\/musicandcolour.com\/es\/\" \/>\n<meta property=\"og:site_name\" content=\"Music And Colour\" \/>\n<meta property=\"article:modified_time\" content=\"2024-12-22T19:26:01+00:00\" \/>\n<meta property=\"og:image\" content=\"https:\/\/musicandcolour.com\/wp-content\/uploads\/2021\/01\/Mosaique.jpg\" \/>\n\t<meta property=\"og:image:width\" content=\"600\" \/>\n\t<meta property=\"og:image:height\" content=\"600\" \/>\n\t<meta property=\"og:image:type\" content=\"image\/jpeg\" \/>\n<meta name=\"twitter:card\" content=\"summary_large_image\" \/>\n<meta name=\"twitter:label1\" content=\"Tiempo de lectura\" \/>\n\t<meta name=\"twitter:data1\" content=\"1 minuto\" \/>\n<!-- \/ Yoast SEO plugin. -->","yoast_head_json":{"title":"Casa - Music And Colour","description":"Explore el fascinante mundo de la sinestesia m\u00fasica\/color en musicandcolour.com. Descubra c\u00f3mo algunas personas perciben los sonidos como colores y explore las conexiones profundas entre la m\u00fasica y la percepci\u00f3n visual.","robots":{"index":"index","follow":"follow","max-snippet":"max-snippet:-1","max-image-preview":"max-image-preview:large","max-video-preview":"max-video-preview:-1"},"canonical":"https:\/\/musicandcolour.com\/es\/","og_locale":"es_ES","og_type":"article","og_title":"Casa - Music And Colour","og_description":"Explore el fascinante mundo de la sinestesia m\u00fasica\/color en musicandcolour.com. Descubra c\u00f3mo algunas personas perciben los sonidos como colores y explore las conexiones profundas entre la m\u00fasica y la percepci\u00f3n visual.","og_url":"https:\/\/musicandcolour.com\/es\/","og_site_name":"Music And Colour","article_modified_time":"2024-12-22T19:26:01+00:00","og_image":[{"width":600,"height":600,"url":"https:\/\/musicandcolour.com\/wp-content\/uploads\/2021\/01\/Mosaique.jpg","type":"image\/jpeg"}],"twitter_card":"summary_large_image","twitter_misc":{"Tiempo de lectura":"1 minuto"},"schema":{"@context":"https:\/\/schema.org","@graph":[{"@type":"WebPage","@id":"https:\/\/musicandcolour.com\/es\/","url":"https:\/\/musicandcolour.com\/es\/","name":"Casa - Music And Colour","isPartOf":{"@id":"https:\/\/musicandcolour.com\/#website"},"datePublished":"2021-01-19T15:28:03+00:00","dateModified":"2024-12-22T19:26:01+00:00","description":"Explore el fascinante mundo de la sinestesia m\u00fasica\/color en musicandcolour.com. Descubra c\u00f3mo algunas personas perciben los sonidos como colores y explore las conexiones profundas entre la m\u00fasica y la percepci\u00f3n visual.","breadcrumb":{"@id":"https:\/\/musicandcolour.com\/es\/#breadcrumb"},"inLanguage":"es","potentialAction":[{"@type":"ReadAction","target":["https:\/\/musicandcolour.com\/es\/"]}]},{"@type":"BreadcrumbList","@id":"https:\/\/musicandcolour.com\/es\/#breadcrumb","itemListElement":[{"@type":"ListItem","position":1,"name":"Accueil","item":"https:\/\/musicandcolour.com\/es\/"},{"@type":"ListItem","position":2,"name":"Casa"}]},{"@type":"WebSite","@id":"https:\/\/musicandcolour.com\/#website","url":"https:\/\/musicandcolour.com\/","name":"Music And Colour","description":"Fascinating Experience","potentialAction":[{"@type":"SearchAction","target":{"@type":"EntryPoint","urlTemplate":"https:\/\/musicandcolour.com\/?s={search_term_string}"},"query-input":{"@type":"PropertyValueSpecification","valueRequired":true,"valueName":"search_term_string"}}],"inLanguage":"es"}]}},"_links":{"self":[{"href":"https:\/\/musicandcolour.com\/es\/wp-json\/wp\/v2\/pages\/293","targetHints":{"allow":["GET"]}}],"collection":[{"href":"https:\/\/musicandcolour.com\/es\/wp-json\/wp\/v2\/pages"}],"about":[{"href":"https:\/\/musicandcolour.com\/es\/wp-json\/wp\/v2\/types\/page"}],"author":[{"embeddable":true,"href":"https:\/\/musicandcolour.com\/es\/wp-json\/wp\/v2\/users\/1"}],"replies":[{"embeddable":true,"href":"https:\/\/musicandcolour.com\/es\/wp-json\/wp\/v2\/comments?post=293"}],"version-history":[{"count":10,"href":"https:\/\/musicandcolour.com\/es\/wp-json\/wp\/v2\/pages\/293\/revisions"}],"predecessor-version":[{"id":3274,"href":"https:\/\/musicandcolour.com\/es\/wp-json\/wp\/v2\/pages\/293\/revisions\/3274"}],"wp:attachment":[{"href":"https:\/\/musicandcolour.com\/es\/wp-json\/wp\/v2\/media?parent=293"}],"curies":[{"name":"wp","href":"https:\/\/api.w.org\/{rel}","templated":true}]}}