{"id":2351,"date":"2022-02-11T11:15:10","date_gmt":"2022-02-11T11:15:10","guid":{"rendered":"http:\/\/musicandcolour.com\/don\/"},"modified":"2022-06-25T13:52:12","modified_gmt":"2022-06-25T13:52:12","slug":"don","status":"publish","type":"page","link":"https:\/\/musicandcolour.com\/es\/don\/","title":{"rendered":"Don"},"content":{"rendered":"[vc_row row_type=\u00bbrow\u00bb use_row_as_full_screen_section=\u00bbno\u00bb type=\u00bbfull_width\u00bb text_align=\u00bbcenter\u00bb background_animation=\u00bbnone\u00bb css_animation=\u00bb\u00bb][vc_column][vc_single_image image=\u00bb49&#8243; img_size=\u00bbmedium\u00bb alignment=\u00bbcenter\u00bb qode_css_animation=\u00bb\u00bb][\/vc_column][\/vc_row][vc_row row_type=\u00bbrow\u00bb use_row_as_full_screen_section=\u00bbno\u00bb type=\u00bbfull_width\u00bb text_align=\u00bbleft\u00bb background_animation=\u00bbnone\u00bb css_animation=\u00bb\u00bb css=\u00bb.vc_custom_1644580528836{margin-top: 50px !important;}\u00bb][vc_column width=\u00bb1\/6&#8243;][\/vc_column][vc_column width=\u00bb2\/3&#8243;][vc_column_text]\n<div style=\"font-size: 20px;\">\n<p style=\"text-align: center;\">Music and Color no muestra ning\u00fan tipo de publicidad.<\/p>\n<p>&nbsp;<\/p>\n<p style=\"text-align: center;\">El dinero necesario para el funcionamiento de Music and Color proviene \u00edntegramente de donaciones puntuales espont\u00e1neas.<\/p>\n<p>&nbsp;<\/p>\n<p style=\"text-align: center;\">\u00bfTe ha gustado este sitio y su contenido? Ay\u00fadanos a continuar su desarrollo haciendo una donaci\u00f3n.<\/p>\n<p>&nbsp;<\/p>\n<p style=\"text-align: center;\">Cualquier contribuci\u00f3n ser\u00e1 muy apreciada.Tu donaci\u00f3n es an\u00f3nima, no guardamos ning\u00fan dato personal.<\/p>\n<\/div>\n[\/vc_column_text][\/vc_column][vc_column width=\u00bb1\/6&#8243;][\/vc_column][\/vc_row][vc_row row_type=\u00bbrow\u00bb use_row_as_full_screen_section=\u00bbno\u00bb type=\u00bbfull_width\u00bb text_align=\u00bbcenter\u00bb background_animation=\u00bbnone\u00bb css_animation=\u00bb\u00bb][vc_column width=\u00bb1\/4&#8243;][\/vc_column][vc_column width=\u00bb1\/2&#8243;][vc_column_text][\/vc_column_text][vc_single_image image=\u00bb2420&#8243; img_size=\u00bbfull\u00bb alignment=\u00bbcenter\u00bb onclick=\u00bbcustom_link\u00bb img_link_target=\u00bb_blank\u00bb qode_css_animation=\u00bb\u00bb link=\u00bbhttps:\/\/buy.stripe.com\/bIYaFy5KqaHL5Ms4gh\u00bb css=\u00bb.vc_custom_1645018863353{margin-top: 20px !important;margin-bottom: 20px !important;}\u00bb][\/vc_column][vc_column width=\u00bb1\/4&#8243;][\/vc_column][\/vc_row]\n","protected":false},"excerpt":{"rendered":"<p>[vc_row row_type=\u00bbrow\u00bb use_row_as_full_screen_section=\u00bbno\u00bb type=\u00bbfull_width\u00bb text_align=\u00bbcenter\u00bb background_animation=\u00bbnone\u00bb css_animation=\u00bb\u00bb][vc_column][vc_single_image image=\u00bb49&#8243; img_size=\u00bbmedium\u00bb alignment=\u00bbcenter\u00bb qode_css_animation=\u00bb\u00bb][\/vc_column][\/vc_row][vc_row row_type=\u00bbrow\u00bb use_row_as_full_screen_section=\u00bbno\u00bb type=\u00bbfull_width\u00bb text_align=\u00bbleft\u00bb background_animation=\u00bbnone\u00bb css_animation=\u00bb\u00bb css=\u00bb.vc_custom_1644580528836{margin-top: 50px !important;}\u00bb][vc_column width=\u00bb1\/6&#8243;][\/vc_column][vc_column width=\u00bb2\/3&#8243;][vc_column_text] Music and Color no muestra ning\u00fan tipo de publicidad. &nbsp; El dinero necesario para el funcionamiento de Music and Color proviene \u00edntegramente de&#8230;<\/p>\n","protected":false},"author":1,"featured_media":0,"parent":0,"menu_order":0,"comment_status":"closed","ping_status":"closed","template":"","meta":{"footnotes":""},"class_list":["post-2351","page","type-page","status-publish","hentry"],"yoast_head":"<!-- This site is optimized with the Yoast SEO plugin v27.2 - https:\/\/yoast.com\/product\/yoast-seo-wordpress\/ -->\n<title>Don - Music And Colour<\/title>\n<meta name=\"robots\" content=\"index, follow, max-snippet:-1, max-image-preview:large, max-video-preview:-1\" \/>\n<link rel=\"canonical\" href=\"https:\/\/musicandcolour.com\/es\/don\/\" \/>\n<meta property=\"og:locale\" content=\"es_ES\" \/>\n<meta property=\"og:type\" content=\"article\" \/>\n<meta property=\"og:title\" content=\"Don - Music And Colour\" \/>\n<meta property=\"og:description\" content=\"[vc_row row_type=\u00bbrow\u00bb use_row_as_full_screen_section=\u00bbno\u00bb type=\u00bbfull_width\u00bb text_align=\u00bbcenter\u00bb background_animation=\u00bbnone\u00bb css_animation=\u00bb\u00bb][vc_column][vc_single_image image=\u00bb49&#8243; img_size=\u00bbmedium\u00bb alignment=\u00bbcenter\u00bb qode_css_animation=\u00bb\u00bb][\/vc_column][\/vc_row][vc_row row_type=\u00bbrow\u00bb use_row_as_full_screen_section=\u00bbno\u00bb type=\u00bbfull_width\u00bb text_align=\u00bbleft\u00bb background_animation=\u00bbnone\u00bb css_animation=\u00bb\u00bb css=\u00bb.vc_custom_1644580528836{margin-top: 50px !important;}\u00bb][vc_column width=\u00bb1\/6&#8243;][\/vc_column][vc_column width=\u00bb2\/3&#8243;][vc_column_text] Music and Color no muestra ning\u00fan tipo de publicidad. &nbsp; El dinero necesario para el funcionamiento de Music and Color proviene \u00edntegramente de...\" \/>\n<meta property=\"og:url\" content=\"https:\/\/musicandcolour.com\/es\/don\/\" \/>\n<meta property=\"og:site_name\" content=\"Music And Colour\" \/>\n<meta property=\"article:modified_time\" content=\"2022-06-25T13:52:12+00:00\" \/>\n<meta property=\"og:image\" content=\"https:\/\/musicandcolour.com\/wp-content\/uploads\/2021\/01\/Mosaique.jpg\" \/>\n\t<meta property=\"og:image:width\" content=\"600\" \/>\n\t<meta property=\"og:image:height\" content=\"600\" \/>\n\t<meta property=\"og:image:type\" content=\"image\/jpeg\" \/>\n<meta name=\"twitter:card\" content=\"summary_large_image\" \/>\n<meta name=\"twitter:label1\" content=\"Tiempo de lectura\" \/>\n\t<meta name=\"twitter:data1\" content=\"1 minuto\" \/>\n<!-- \/ Yoast SEO plugin. -->","yoast_head_json":{"title":"Don - Music And Colour","robots":{"index":"index","follow":"follow","max-snippet":"max-snippet:-1","max-image-preview":"max-image-preview:large","max-video-preview":"max-video-preview:-1"},"canonical":"https:\/\/musicandcolour.com\/es\/don\/","og_locale":"es_ES","og_type":"article","og_title":"Don - Music And Colour","og_description":"[vc_row row_type=\u00bbrow\u00bb use_row_as_full_screen_section=\u00bbno\u00bb type=\u00bbfull_width\u00bb text_align=\u00bbcenter\u00bb background_animation=\u00bbnone\u00bb css_animation=\u00bb\u00bb][vc_column][vc_single_image image=\u00bb49&#8243; img_size=\u00bbmedium\u00bb alignment=\u00bbcenter\u00bb qode_css_animation=\u00bb\u00bb][\/vc_column][\/vc_row][vc_row row_type=\u00bbrow\u00bb use_row_as_full_screen_section=\u00bbno\u00bb type=\u00bbfull_width\u00bb text_align=\u00bbleft\u00bb background_animation=\u00bbnone\u00bb css_animation=\u00bb\u00bb css=\u00bb.vc_custom_1644580528836{margin-top: 50px !important;}\u00bb][vc_column width=\u00bb1\/6&#8243;][\/vc_column][vc_column width=\u00bb2\/3&#8243;][vc_column_text] Music and Color no muestra ning\u00fan tipo de publicidad. &nbsp; El dinero necesario para el funcionamiento de Music and Color proviene \u00edntegramente de...","og_url":"https:\/\/musicandcolour.com\/es\/don\/","og_site_name":"Music And Colour","article_modified_time":"2022-06-25T13:52:12+00:00","og_image":[{"width":600,"height":600,"url":"https:\/\/musicandcolour.com\/wp-content\/uploads\/2021\/01\/Mosaique.jpg","type":"image\/jpeg"}],"twitter_card":"summary_large_image","twitter_misc":{"Tiempo de lectura":"1 minuto"},"schema":{"@context":"https:\/\/schema.org","@graph":[{"@type":"WebPage","@id":"https:\/\/musicandcolour.com\/es\/don\/","url":"https:\/\/musicandcolour.com\/es\/don\/","name":"Don - Music And Colour","isPartOf":{"@id":"https:\/\/musicandcolour.com\/#website"},"datePublished":"2022-02-11T11:15:10+00:00","dateModified":"2022-06-25T13:52:12+00:00","breadcrumb":{"@id":"https:\/\/musicandcolour.com\/es\/don\/#breadcrumb"},"inLanguage":"es","potentialAction":[{"@type":"ReadAction","target":["https:\/\/musicandcolour.com\/es\/don\/"]}]},{"@type":"BreadcrumbList","@id":"https:\/\/musicandcolour.com\/es\/don\/#breadcrumb","itemListElement":[{"@type":"ListItem","position":1,"name":"Accueil","item":"https:\/\/musicandcolour.com\/es\/"},{"@type":"ListItem","position":2,"name":"Don"}]},{"@type":"WebSite","@id":"https:\/\/musicandcolour.com\/#website","url":"https:\/\/musicandcolour.com\/","name":"Music And Colour","description":"Fascinating Experience","potentialAction":[{"@type":"SearchAction","target":{"@type":"EntryPoint","urlTemplate":"https:\/\/musicandcolour.com\/?s={search_term_string}"},"query-input":{"@type":"PropertyValueSpecification","valueRequired":true,"valueName":"search_term_string"}}],"inLanguage":"es"}]}},"_links":{"self":[{"href":"https:\/\/musicandcolour.com\/es\/wp-json\/wp\/v2\/pages\/2351","targetHints":{"allow":["GET"]}}],"collection":[{"href":"https:\/\/musicandcolour.com\/es\/wp-json\/wp\/v2\/pages"}],"about":[{"href":"https:\/\/musicandcolour.com\/es\/wp-json\/wp\/v2\/types\/page"}],"author":[{"embeddable":true,"href":"https:\/\/musicandcolour.com\/es\/wp-json\/wp\/v2\/users\/1"}],"replies":[{"embeddable":true,"href":"https:\/\/musicandcolour.com\/es\/wp-json\/wp\/v2\/comments?post=2351"}],"version-history":[{"count":15,"href":"https:\/\/musicandcolour.com\/es\/wp-json\/wp\/v2\/pages\/2351\/revisions"}],"predecessor-version":[{"id":2919,"href":"https:\/\/musicandcolour.com\/es\/wp-json\/wp\/v2\/pages\/2351\/revisions\/2919"}],"wp:attachment":[{"href":"https:\/\/musicandcolour.com\/es\/wp-json\/wp\/v2\/media?parent=2351"}],"curies":[{"name":"wp","href":"https:\/\/api.w.org\/{rel}","templated":true}]}}