{"id":135,"date":"2021-01-16T19:20:35","date_gmt":"2021-01-16T19:20:35","guid":{"rendered":"http:\/\/musicandcolour.com\/?page_id=135"},"modified":"2021-06-21T15:33:09","modified_gmt":"2021-06-21T15:33:09","slug":"terminosycondiciones","status":"publish","type":"page","link":"https:\/\/musicandcolour.com\/es\/terminosycondiciones\/","title":{"rendered":"T\u00e9rminos y Condiciones"},"content":{"rendered":"[vc_row row_type=\u00bbrow\u00bb use_row_as_full_screen_section=\u00bbno\u00bb type=\u00bbfull_width\u00bb text_align=\u00bbleft\u00bb background_animation=\u00bbnone\u00bb css_animation=\u00bb\u00bb][vc_column][vc_column_text]\r\n<h3 class=\"has-extra-large-font-size\"><strong>T\u00e9rminos y Condiciones<\/strong><\/h3>\r\n\r\n<p>\u00daltima actualizaci\u00f3n: 27 de diciembre de 2020<\/p>\r\n\r\n<p>Lea estos t\u00e9rminos y condiciones detenidamente antes de utilizar Nuestro Servicio.<\/p>\r\n\r\n<p><strong>Interpretaci\u00f3n y definiciones<\/strong><br \/>==============================<\/p>\r\n\r\n<p><strong>Interpretaci\u00f3n<\/strong><br \/>&#8212;&#8212;&#8212;&#8212;&#8211;<\/p>\r\n\r\n<p>Las palabras cuya letra inicial est\u00e1n en may\u00fascula tienen significados definidos\u00a0bajo las siguientes condiciones. Las siguientes definiciones deben tener el mismo\u00a0significado independientemente de si aparecen en singular o en plural.<\/p>\r\n\r\n<p><strong>Definiciones<\/strong><br \/>&#8212;&#8212;&#8212;&#8211;<\/p>\r\n\r\n<p>A los efectos de estos T\u00e9rminos y condiciones:<\/p>\r\n\r\n<p>* Afiliado, significa una entidad que controla, es controlada por o est\u00e1 bajo\u00a0control com\u00fan con una parte, donde \u00abcontrol\u00bb significa propiedad del 50% o\u00a0m\u00e1s acciones, participaciones en el capital social u otros valores con derecho a voto\u00a0para la elecci\u00f3n de directores u otra autoridad de gesti\u00f3n.<\/p>\r\n\r\n<p>* Pa\u00eds, se refiere a: Quebec, Canad\u00e1<\/p>\r\n\r\n<p>* Compa\u00f1\u00eda (denominada \u00abla Compa\u00f1\u00eda\u00bb, \u00abNosotros\u00bb, \u00abNos\u00bb o \u00abNuestro\u00bb en este\u00a0Acuerdo), se refiere a musicandcolour.com, Montreal QC.<\/p>\r\n\r\n<p>* Dispositivo, significa cualquier dispositivo que pueda acceder al Servicio, como una computadora, un\u00a0tel\u00e9fono celular o tableta digital.<\/p>\r\n\r\n<p>* Servicio, se refiere al sitio web.<\/p>\r\n\r\n<p>* T\u00e9rminos y condiciones (tambi\u00e9n denominados \u00abT\u00e9rminos\u00bb), se refieren a estos T\u00e9rminos y\u00a0condiciones que forman el acuerdo completo entre usted y la Compa\u00f1\u00eda\u00a0con respecto al uso del Servicio.<\/p>\r\n\r\n<p>* Servicio de redes sociales de terceros, significa cualquier servicio o contenido (incluido\u00a0datos, informaci\u00f3n, productos o servicios) proporcionados por un tercero que\u00a0puede ser mostrado, incluido o puesto a disposici\u00f3n por el Servicio.<\/p>\r\n\r\n<p>* El sitio web, se refiere a Planete eCom, accesible desde\u00a0<a href=\"http:\/\/musicandcolour.com\/\" target=\"_blank\" rel=\"noreferrer noopener\">h<\/a><a href=\"http:\/\/musicandcolour.com\/\" target=\"_blank\" rel=\"noreferrer noopener\">ttps:\/\/musicandcolour.com<\/a><\/p>\r\n\r\n<p>* Usted, se refiere a la persona que accede o utiliza el Servicio, o la empresa,\u00a0u otra entidad legal en nombre de la cual dicha persona est\u00e1 accediendo o\u00a0utilizando el Servicio, seg\u00fan corresponda.<\/p>\r\n\r\n<p><strong>Reconocimiento<\/strong><br \/>==============<\/p>\r\n\r\n<p>Estos son los T\u00e9rminos y Condiciones que rigen el uso de este Servicio y el acuerdo que opera entre usted y la Compa\u00f1\u00eda.\u00a0 Estos t\u00e9rminos y\u00a0las condiciones,\u00a0 establecen los derechos y obligaciones de todos los usuarios con respecto al uso\u00a0del Servicio.<\/p>\r\n\r\n<p>Su acceso y uso del Servicio, est\u00e1 condicionado a su aceptaci\u00f3n y\u00a0cumplimiento de estos T\u00e9rminos y Condiciones. Se aplican estos t\u00e9rminos y condiciones\u00a0a todos los visitantes, usuarios y otras personas que acceden o utilizan el Servicio.<\/p>\r\n\r\n<p>Al acceder o utilizar el Servicio, usted acepta estar sujeto a estos T\u00e9rminos y\u00a0Condiciones. Si no est\u00e1 de acuerdo con alguna parte de estos t\u00e9rminos y condiciones, entonces\u00a0No puede acceder al Servicio.\u00a0Usted declara que es mayor de 18 a\u00f1os. La Compa\u00f1\u00eda no permite\u00a0aquellos menores de 18 a\u00f1os para usar el Servicio.<\/p>\r\n\r\n<p>Su acceso y uso del Servicio tambi\u00e9n est\u00e1 condicionado a su aceptaci\u00f3n\u00a0y cumplimiento de la Pol\u00edtica de Privacidad de la Compa\u00f1\u00eda. Nuestra pol\u00edtica de privacidad\u00a0describe Nuestras pol\u00edticas y procedimientos sobre la recopilaci\u00f3n, uso y divulgaci\u00f3n de\u00a0Su informaci\u00f3n personal cuando utiliza la Aplicaci\u00f3n o el Sitio web y\u00a0le informa sobre sus derechos de privacidad y c\u00f3mo la ley lo protege. Por favor, lea Nuestra Pol\u00edtica de Privacidad cuidadosamente antes de utilizar Nuestro Servicio.<\/p>\r\n\r\n<p><strong>Enlaces a otros sitios web<\/strong><br \/>=======================<\/p>\r\n\r\n<p>Nuestro Servicio puede contener enlaces a sitios web o servicios de terceros que no son propiedad ni est\u00e1n controlados por la Compa\u00f1\u00eda.<\/p>\r\n\r\n<p>La Compa\u00f1\u00eda no tiene control ni asume responsabilidad por los\u00a0contenido, pol\u00edticas de privacidad o pr\u00e1cticas de sitios web de terceros o\u00a0servicios. Adem\u00e1s,Ud.\u00a0 reconoce y acepta que la Compa\u00f1\u00eda no ser\u00e1\u00a0responsable o responsable, directa o indirectamente, de cualquier da\u00f1o o p\u00e9rdida causada\u00a0o presuntamente causado por o en conexi\u00f3n con el uso o dependencia de cualquier\u00a0dicho contenido, bienes o servicios disponibles en,\u00a0 o a trav\u00e9s de dichos sitios web o\u00a0servicios.<\/p>\r\n\r\n<p>Le recomendamos encarecidamente que lea los t\u00e9rminos y condiciones y las pol\u00edticas de privacidad.\u00a0de cualquier sitio web o servicio de terceros que visite.<\/p>\r\n\r\n<p><strong>Terminaci\u00f3n<\/strong><br \/>===========<\/p>\r\n\r\n<p>Podemos rescindir o suspender su acceso de inmediato, sin previo aviso o\u00a0responsabilidad, por cualquier motivo, incluido, entre otros, si usted\u00a0incumple estos T\u00e9rminos y Condiciones.<\/p>\r\n\r\n<p>Tras la rescisi\u00f3n, su derecho a utilizar el Servicio cesar\u00e1 de inmediato.<\/p>\r\n\r\n<p><strong>Limitaci\u00f3n de responsabilidad<\/strong><br \/>=======================<\/p>\r\n\r\n<p>Sin perjuicio de los da\u00f1os en los que pueda incurrir, toda la responsabilidad de la Compa\u00f1\u00eda y cualquiera de sus proveedores bajo cualquier disposici\u00f3n de estos T\u00e9rminos y Usted\u00a0 el recurso exclusivo para todo lo anterior se limitar\u00e1 a la cantidad\u00a0realmente pagada por Usted a trav\u00e9s del Servicio o 1,00 USD si no ha comprado algo a trav\u00e9s del Servicio.<\/p>\r\n\r\n<p>En la m\u00e1xima medida permitida por la ley aplicable, en ning\u00fan caso\u00a0 La Compa\u00f1\u00eda o sus proveedores ser\u00e1n responsables de cualquier da\u00f1o especial, incidental, indirecto o\u00a0da\u00f1os consecuentes de cualquier tipo (incluidos, entre otros, da\u00f1os por\u00a0lucro cesante, p\u00e9rdida de datos u otra informaci\u00f3n, por interrupci\u00f3n del negocio,\u00a0por lesiones personales, p\u00e9rdida de privacidad que surja de o de alguna manera relacionada con\u00a0el uso o la imposibilidad de usar el Servicio, software de terceros y \/ o terceros\u00a0hardware de terceros utilizado con el Servicio, o de otro modo en relaci\u00f3n con cualquier\u00a0disposici\u00f3n de estos T\u00e9rminos), incluso si la Compa\u00f1\u00eda o cualquier proveedor han sido informados\u00a0de la posibilidad de tales da\u00f1os e incluso si el recurso no cumple con su\u00a0prop\u00f3sito esencial.<\/p>\r\n\r\n<p>Algunos estados no permiten la exclusi\u00f3n de garant\u00edas impl\u00edcitas o la limitaci\u00f3n de\u00a0responsabilidad por da\u00f1os incidentales o consecuentes, lo que significa que algunas de\u00a0 las limitaciones anteriores no se apliquen. En estos estados, la responsabilidad de cada parte\u00a0se limitar\u00e1 a la mayor medida permitida por la ley.<\/p>\r\n\r\n<p><strong>Renuncia de responsabilidad \u00abTAL CUAL\u00bb y \u00abSEG\u00daN DISPONIBILIDAD\u00bb<\/strong><br \/>==========<\/p>\r\n\r\n<p>El Servicio se le proporciona \u00abTAL CUAL\u00bb y \u00abSEG\u00daN DISPONIBILIDAD\u00bb y con todas las fallas.\u00a0y defectos sin garant\u00eda de ning\u00fan tipo. En la m\u00e1xima medida permitida\u00a0bajo la ley aplicable, la Compa\u00f1\u00eda, en su propio nombre y en nombre de su\u00a0Afiliados y sus respectivos licenciantes y proveedores de servicios,\u00a0renuncia expresamente a todas las garant\u00edas, ya sean expresas, impl\u00edcitas, legales o\u00a0de lo contrario, con respecto al Servicio, incluidas todas las garant\u00edas impl\u00edcitas de\u00a0comerciabilidad, idoneidad para un prop\u00f3sito particular, t\u00edtulo y no infracci\u00f3n,\u00a0y garant\u00edas que puedan surgir del curso del trato, curso del desempe\u00f1o,\u00a0uso o pr\u00e1ctica comercial. Sin limitaci\u00f3n a lo anterior, la Compa\u00f1\u00eda\u00a0no ofrece garant\u00eda ni compromiso, y no hace ninguna representaci\u00f3n de ning\u00fan tipo\u00a0que el Servicio cumplir\u00e1 con sus requisitos, lograr\u00e1 los resultados previstos,\u00a0compatible o trabajar con cualquier otro software, aplicaciones, sistemas o servicios,\u00a0operar sin interrupci\u00f3n, cumplir con los est\u00e1ndares de rendimiento o confiabilidad o\u00a0estar libre de errores o que cualquier error o defecto pueda o ser\u00e1 corregido.<\/p>\r\n\r\n<p>Sin perjuicio de lo anterior, ni la Compa\u00f1\u00eda ni ninguna de lassociedades\u00a0 el proveedor hace cualquier representaci\u00f3n o garant\u00eda de cualquier tipo, expresa o impl\u00edcita:\u00a0(i) en cuanto al funcionamiento o disponibilidad del Servicio, o la informaci\u00f3n,\u00a0contenida y materiales o productos incluidos en el mismo; (ii) que el Servicio\u00a0ser\u00e1 ininterrumpido o sin errores; (iii) en cuanto a la precisi\u00f3n, confiabilidad o\u00a0moneda de cualquier informaci\u00f3n o contenido proporcionado a trav\u00e9s del Servicio; o (iv)\u00a0que el Servicio, sus servidores, el contenido o los correos electr\u00f3nicos enviados desde o en nombre\u00a0de la Compa\u00f1\u00eda est\u00e1n libres de virus, scripts, troyanos, gusanos, malware,\u00a0bombas de tiempo u otros componentes da\u00f1inos.<\/p>\r\n\r\n<p>Algunas jurisdicciones no permiten la exclusi\u00f3n de ciertos tipos de garant\u00edas.\u00a0o limitaciones sobre los derechos legales aplicables de un consumidor, por lo que\u00a0 es posible que las exclusiones y limitaciones anteriores no se apliquen a usted. Pero en tal caso\u00a0las exclusiones y limitaciones establecidas en esta secci\u00f3n se aplicar\u00e1n en la mayor medida exigible seg\u00fan la ley aplicable.<\/p>\r\n\r\n<p><strong>Ley que rige<\/strong><br \/>=============<\/p>\r\n\r\n<p>Las leyes del Pa\u00eds, excluyendo sus conflictos de leyes, regir\u00e1n\u00a0estos T\u00e9rminos y Su uso del Servicio. Su uso de la Aplicaci\u00f3n tambi\u00e9n puede\u00a0estar sujeto a otras leyes locales, estatales, nacionales o internacionales.<\/p>\r\n\r\n<p><strong>Resoluci\u00f3n de disputas<\/strong><br \/>===================<\/p>\r\n\r\n<p>Si tiene alguna inquietud o disputa sobre el Servicio, Ud. acepta primero probar\u00a0 resolver la disputa de manera informal comunic\u00e1ndose con la Compa\u00f1\u00eda.<\/p>\r\n\r\n<p><strong>Para usuarios de la Uni\u00f3n Europea (UE)<\/strong><br \/>=============================<\/p>\r\n\r\n<p>Si Ud.\u00a0 es un consumidor de la Uni\u00f3n Europea, se beneficiar\u00e1 de cualquiera de las disposiciones de la ley del pa\u00eds en el que reside.<\/p>\r\n\r\n<p><strong>Divisibilidad y renuncia<\/strong><br \/>=======================<\/p>\r\n\r\n<p><strong>Divisibilidad<\/strong><br \/>&#8212;&#8212;&#8212;&#8212;<\/p>\r\n\r\n<p>Si alguna disposici\u00f3n de estos T\u00e9rminos se considera inaplicable o inv\u00e1lida,\u00a0 la disposici\u00f3n ser\u00e1 modificada e interpretada para lograr los objetivos de tal\u00a0disposici\u00f3n en la mayor medida posible seg\u00fan la ley aplicable y la\u00a0las disposiciones restantes continuar\u00e1n en pleno vigor y efecto.<\/p>\r\n\r\n<p><strong>Renuncia<\/strong><br \/>&#8212;&#8212;<\/p>\r\n\r\n<p>Salvo lo dispuesto en este documento, la falta de ejercicio de un derecho o de requerir\u00a0el cumplimiento de una obligaci\u00f3n en virtud de estos T\u00e9rminos no afectar\u00e1 a la\u00a0capacidad para ejercer tal derecho o requerir tal desempe\u00f1o en cualquier momento\u00a0a partir de entonces ni la renuncia a una infracci\u00f3n constituir\u00e1 una renuncia a cualquier\u00a0incumplimiento posterior.<\/p>\r\n\r\n<p><strong>Interpretaci\u00f3n de traducci\u00f3n<\/strong><br \/>==========================<\/p>\r\n\r\n<p>Estos T\u00e9rminos y Condiciones pueden haber sido traducidos si los hemos puesto a su disponibilidad en nuestro servicio.\u00a0 Ud. acepta\u00a0 que el texto original en ingl\u00e9s\u00a0prevalecer\u00e1 en caso de disputa.<\/p>\r\n\r\n<p><strong>Cambios a estos t\u00e9rminos y condiciones<\/strong><br \/>=====================================<\/p>\r\n\r\n<p>Nos reservamos el derecho, a nuestro exclusivo criterio, de modificar o reemplazar estos T\u00e9rminos.\u00a0en cualquier momento. Si una revisi\u00f3n es importante, haremos los esfuerzos razonables para\u00a0proporcionar un aviso de al menos 30 d\u00edas antes\u00a0 que entren en vigor los nuevos t\u00e9rminos. Aquello que constituya un cambio importante\u00a0 sera determinado a nuestro criterio exclusivo<\/p>\r\n\r\n<p>Si contin\u00faa accediendo o utilizando Nuestro Servicio despu\u00e9s\u00a0 que estas revisiones entren en vigor, Ud. acepta estar sujeto a los t\u00e9rminos revisados. Si no acepta\u00a0los nuevos t\u00e9rminos, en su totalidad o en parte, deje de utilizar el sitio web y el\u00a0Servicio.<\/p>\r\n\r\n<p><strong>Cont\u00e1ctenos<\/strong><br \/>==========<\/p>\r\n\r\n<p>Si tiene alguna pregunta sobre estos t\u00e9rminos y condiciones, puede contactar<br \/>nos:<\/p>\r\n\r\n<p>* Por correo electr\u00f3nico:\u00a0<a target=\"_blank\" rel=\"noreferrer noopener\">info@musicandcolour.com<\/a><\/p>\r\n\r\n<p>&nbsp;<\/p>\r\n[\/vc_column_text][\/vc_column][\/vc_row]","protected":false},"excerpt":{"rendered":"<p>[vc_row row_type=\u00bbrow\u00bb use_row_as_full_screen_section=\u00bbno\u00bb type=\u00bbfull_width\u00bb text_align=\u00bbleft\u00bb background_animation=\u00bbnone\u00bb css_animation=\u00bb\u00bb][vc_column][vc_column_text] T\u00e9rminos y Condiciones \u00daltima actualizaci\u00f3n: 27 de diciembre de 2020 Lea estos t\u00e9rminos y condiciones detenidamente antes de utilizar Nuestro Servicio. Interpretaci\u00f3n y definiciones============================== Interpretaci\u00f3n&#8212;&#8212;&#8212;&#8212;&#8211; Las palabras cuya letra inicial est\u00e1n en may\u00fascula tienen significados definidos\u00a0bajo las siguientes&#8230;<\/p>\n","protected":false},"author":1,"featured_media":0,"parent":0,"menu_order":0,"comment_status":"closed","ping_status":"closed","template":"","meta":{"footnotes":""},"class_list":["post-135","page","type-page","status-publish","hentry"],"yoast_head":"<!-- This site is optimized with the Yoast SEO plugin v27.2 - https:\/\/yoast.com\/product\/yoast-seo-wordpress\/ -->\n<title>T\u00e9rminos y Condiciones - Music And Colour<\/title>\n<meta name=\"robots\" content=\"index, follow, max-snippet:-1, max-image-preview:large, max-video-preview:-1\" \/>\n<link rel=\"canonical\" href=\"https:\/\/musicandcolour.com\/es\/terminosycondiciones\/\" \/>\n<meta property=\"og:locale\" content=\"es_ES\" \/>\n<meta property=\"og:type\" content=\"article\" \/>\n<meta property=\"og:title\" content=\"T\u00e9rminos y Condiciones - Music And Colour\" \/>\n<meta property=\"og:description\" content=\"[vc_row row_type=\u00bbrow\u00bb use_row_as_full_screen_section=\u00bbno\u00bb type=\u00bbfull_width\u00bb text_align=\u00bbleft\u00bb background_animation=\u00bbnone\u00bb css_animation=\u00bb\u00bb][vc_column][vc_column_text] T\u00e9rminos y Condiciones \u00daltima actualizaci\u00f3n: 27 de diciembre de 2020 Lea estos t\u00e9rminos y condiciones detenidamente antes de utilizar Nuestro Servicio. Interpretaci\u00f3n y definiciones============================== Interpretaci\u00f3n&#8212;&#8212;&#8212;&#8212;&#8211; Las palabras cuya letra inicial est\u00e1n en may\u00fascula tienen significados definidos\u00a0bajo las siguientes...\" \/>\n<meta property=\"og:url\" content=\"https:\/\/musicandcolour.com\/es\/terminosycondiciones\/\" \/>\n<meta property=\"og:site_name\" content=\"Music And Colour\" \/>\n<meta property=\"article:modified_time\" content=\"2021-06-21T15:33:09+00:00\" \/>\n<meta property=\"og:image\" content=\"https:\/\/musicandcolour.com\/wp-content\/uploads\/2021\/01\/Mosaique.jpg\" \/>\n\t<meta property=\"og:image:width\" content=\"600\" \/>\n\t<meta property=\"og:image:height\" content=\"600\" \/>\n\t<meta property=\"og:image:type\" content=\"image\/jpeg\" \/>\n<meta name=\"twitter:card\" content=\"summary_large_image\" \/>\n<meta name=\"twitter:label1\" content=\"Tiempo de lectura\" \/>\n\t<meta name=\"twitter:data1\" content=\"9 minutos\" \/>\n<!-- \/ Yoast SEO plugin. -->","yoast_head_json":{"title":"T\u00e9rminos y Condiciones - Music And Colour","robots":{"index":"index","follow":"follow","max-snippet":"max-snippet:-1","max-image-preview":"max-image-preview:large","max-video-preview":"max-video-preview:-1"},"canonical":"https:\/\/musicandcolour.com\/es\/terminosycondiciones\/","og_locale":"es_ES","og_type":"article","og_title":"T\u00e9rminos y Condiciones - Music And Colour","og_description":"[vc_row row_type=\u00bbrow\u00bb use_row_as_full_screen_section=\u00bbno\u00bb type=\u00bbfull_width\u00bb text_align=\u00bbleft\u00bb background_animation=\u00bbnone\u00bb css_animation=\u00bb\u00bb][vc_column][vc_column_text] T\u00e9rminos y Condiciones \u00daltima actualizaci\u00f3n: 27 de diciembre de 2020 Lea estos t\u00e9rminos y condiciones detenidamente antes de utilizar Nuestro Servicio. Interpretaci\u00f3n y definiciones============================== Interpretaci\u00f3n&#8212;&#8212;&#8212;&#8212;&#8211; Las palabras cuya letra inicial est\u00e1n en may\u00fascula tienen significados definidos\u00a0bajo las siguientes...","og_url":"https:\/\/musicandcolour.com\/es\/terminosycondiciones\/","og_site_name":"Music And Colour","article_modified_time":"2021-06-21T15:33:09+00:00","og_image":[{"width":600,"height":600,"url":"https:\/\/musicandcolour.com\/wp-content\/uploads\/2021\/01\/Mosaique.jpg","type":"image\/jpeg"}],"twitter_card":"summary_large_image","twitter_misc":{"Tiempo de lectura":"9 minutos"},"schema":{"@context":"https:\/\/schema.org","@graph":[{"@type":"WebPage","@id":"https:\/\/musicandcolour.com\/es\/terminosycondiciones\/","url":"https:\/\/musicandcolour.com\/es\/terminosycondiciones\/","name":"T\u00e9rminos y Condiciones - Music And Colour","isPartOf":{"@id":"https:\/\/musicandcolour.com\/#website"},"datePublished":"2021-01-16T19:20:35+00:00","dateModified":"2021-06-21T15:33:09+00:00","breadcrumb":{"@id":"https:\/\/musicandcolour.com\/es\/terminosycondiciones\/#breadcrumb"},"inLanguage":"es","potentialAction":[{"@type":"ReadAction","target":["https:\/\/musicandcolour.com\/es\/terminosycondiciones\/"]}]},{"@type":"BreadcrumbList","@id":"https:\/\/musicandcolour.com\/es\/terminosycondiciones\/#breadcrumb","itemListElement":[{"@type":"ListItem","position":1,"name":"Accueil","item":"https:\/\/musicandcolour.com\/es\/"},{"@type":"ListItem","position":2,"name":"T\u00e9rminos y Condiciones"}]},{"@type":"WebSite","@id":"https:\/\/musicandcolour.com\/#website","url":"https:\/\/musicandcolour.com\/","name":"Music And Colour","description":"Fascinating Experience","potentialAction":[{"@type":"SearchAction","target":{"@type":"EntryPoint","urlTemplate":"https:\/\/musicandcolour.com\/?s={search_term_string}"},"query-input":{"@type":"PropertyValueSpecification","valueRequired":true,"valueName":"search_term_string"}}],"inLanguage":"es"}]}},"_links":{"self":[{"href":"https:\/\/musicandcolour.com\/es\/wp-json\/wp\/v2\/pages\/135","targetHints":{"allow":["GET"]}}],"collection":[{"href":"https:\/\/musicandcolour.com\/es\/wp-json\/wp\/v2\/pages"}],"about":[{"href":"https:\/\/musicandcolour.com\/es\/wp-json\/wp\/v2\/types\/page"}],"author":[{"embeddable":true,"href":"https:\/\/musicandcolour.com\/es\/wp-json\/wp\/v2\/users\/1"}],"replies":[{"embeddable":true,"href":"https:\/\/musicandcolour.com\/es\/wp-json\/wp\/v2\/comments?post=135"}],"version-history":[{"count":8,"href":"https:\/\/musicandcolour.com\/es\/wp-json\/wp\/v2\/pages\/135\/revisions"}],"predecessor-version":[{"id":1950,"href":"https:\/\/musicandcolour.com\/es\/wp-json\/wp\/v2\/pages\/135\/revisions\/1950"}],"wp:attachment":[{"href":"https:\/\/musicandcolour.com\/es\/wp-json\/wp\/v2\/media?parent=135"}],"curies":[{"name":"wp","href":"https:\/\/api.w.org\/{rel}","templated":true}]}}