{"id":131,"date":"2021-01-16T19:14:06","date_gmt":"2021-01-16T19:14:06","guid":{"rendered":"http:\/\/musicandcolour.com\/?page_id=131"},"modified":"2021-01-25T09:20:49","modified_gmt":"2021-01-25T09:20:49","slug":"confidencialidad","status":"publish","type":"page","link":"https:\/\/musicandcolour.com\/es\/confidencialidad\/","title":{"rendered":"Confidencialidad"},"content":{"rendered":"[vc_row row_type=\u00bbrow\u00bb use_row_as_full_screen_section=\u00bbno\u00bb type=\u00bbfull_width\u00bb text_align=\u00bbleft\u00bb background_animation=\u00bbnone\u00bb css_animation=\u00bb\u00bb][vc_column][vc_empty_space height=\u00bb100&#8243;][\/vc_column][\/vc_row][vc_row row_type=\u00bbrow\u00bb use_row_as_full_screen_section=\u00bbno\u00bb type=\u00bbfull_width\u00bb text_align=\u00bbleft\u00bb background_animation=\u00bbnone\u00bb css_animation=\u00bb\u00bb][vc_column][vc_column_text]\r\n<h3 class=\"wp-block-heading\"><strong>Pol\u00edtica de confidencialidad<\/strong><\/h3>\r\n\r\n<p>&nbsp;<\/p>\r\n\r\n<h4 class=\"wp-block-heading\">Introducci\u00f3n<\/h4>\r\n\r\n<p>Ante el desarrollo de nuevas herramientas de comunicaci\u00f3n, es necesario prestar especial atenci\u00f3n a la protecci\u00f3n de la privacidad. Por eso nos comprometemos a respetar la confidencialidad de la informaci\u00f3n personal que recopilamos.<\/p>\r\n\r\n<p>&nbsp;<\/p>\r\n\r\n<h4 class=\"wp-block-heading\">Recolecci\u00f3n de informaci\u00f3n personal<\/h4>\r\n\r\n<p>Primer nombre<br \/>Direcci\u00f3n postal<br \/>C\u00f3digo postal<br \/>Direcci\u00f3n de correo electr\u00f3nico<br \/>La informaci\u00f3n personal que recopilamos se recopila a trav\u00e9s de formularios y mediante la interactividad establecida entre usted y nuestro sitio web. Tambi\u00e9n utilizamos, como se indica en la siguiente secci\u00f3n, cookies y \/ o registros para recopilar informaci\u00f3n sobre usted.<\/p>\r\n\r\n<p>&nbsp;<\/p>\r\n\r\n<h4 class=\"wp-block-heading\">Formas e interactividad:<\/h4>\r\n\r\n<p>Su informaci\u00f3n personal se recopila a trav\u00e9s de un formulario, a saber:<br \/>Formulario de registro del sitio web<br \/>Usamos la informaci\u00f3n as\u00ed recopilada para los siguientes prop\u00f3sitos:<br \/>Informaci\u00f3n \/ Ofertas promocionales<br \/>Estad\u00edsticas<br \/>Contactar<br \/>Su informaci\u00f3n tambi\u00e9n se recopila a trav\u00e9s de la interactividad que se pueda establecer entre usted y nuestro sitio web, de la siguiente manera:<br \/>Comentarios<br \/>Correspondencia<br \/>Usamos la informaci\u00f3n as\u00ed recopilada para los siguientes prop\u00f3sitos:<br \/>Informaci\u00f3n o para ofertas promocionales<br \/>Estad\u00edsticas<br \/>Contactar<\/p>\r\n\r\n<p>&nbsp;<\/p>\r\n\r\n<h4 class=\"wp-block-heading\">Derecho de oposici\u00f3n y desistimiento<\/h4>\r\n\r\n<p>Estamos comprometidos a ofrecerle el derecho de objeci\u00f3n y retiro con respecto a su informaci\u00f3n personal.<br \/>Se entiende por derecho de oposici\u00f3n la posibilidad que se ofrece a los internautas de negarse a que su informaci\u00f3n personal sea utilizada para determinados fines mencionados durante la recogida.<\/p>\r\n\r\n<p>El derecho de desistimiento se entiende como la posibilidad que se ofrece a los internautas de solicitar que su informaci\u00f3n personal deje de aparecer, por ejemplo, en una lista de correo.<br \/>El ejercicio de este derecho ser\u00e1:<\/p>\r\n\r\n<p>Correo electr\u00f3nico: info@musicandcolour.com<\/p>\r\n\r\n<p>&nbsp;<\/p>\r\n\r\n<h4 class=\"wp-block-heading\">Seguridad<\/h4>\r\n\r\n<p>La informaci\u00f3n personal que recopilamos se mantiene en un entorno seguro. Las personas que trabajan para nosotros deben respetar la confidencialidad de su informaci\u00f3n.<\/p>\r\n\r\n<p>Para garantizar la seguridad de su informaci\u00f3n personal, utilizamos las siguientes medidas:<\/p>\r\n\r\n<p>Protocolo SSL<br \/>Gesti\u00f3n de acceso &#8211; persona autorizada<br \/>Software de monitoreo de red<br \/>Copia de seguridad de la computadora<br \/>Contrase\u00f1a de inicio de sesi\u00f3n<br \/>Cortafuegos<br \/>Nos comprometemos a mantener un alto grado de confidencialidad mediante la integraci\u00f3n de las \u00faltimas innovaciones tecnol\u00f3gicas para garantizar la confidencialidad de sus transacciones. Sin embargo, dado que ning\u00fan mecanismo ofrece la m\u00e1xima seguridad, siempre existe un elemento de riesgo cuando se utiliza Internet para transmitir informaci\u00f3n personal.<\/p>\r\n\r\n<p>&nbsp;<\/p>\r\n\r\n<h4 class=\"wp-block-heading\">Legislaci\u00f3n<\/h4>\r\n\r\n<p>Nos comprometemos a respetar las disposiciones legislativas establecidas en:<\/p>\r\n\r\n<p>Legislaci\u00f3n: Ley de Privacidad (R.S.C., 1985, c. P-21)<\/p>\r\n[\/vc_column_text][\/vc_column][\/vc_row]","protected":false},"excerpt":{"rendered":"<p>[vc_row row_type=\u00bbrow\u00bb use_row_as_full_screen_section=\u00bbno\u00bb type=\u00bbfull_width\u00bb text_align=\u00bbleft\u00bb background_animation=\u00bbnone\u00bb css_animation=\u00bb\u00bb][vc_column][vc_empty_space height=\u00bb100&#8243;][\/vc_column][\/vc_row][vc_row row_type=\u00bbrow\u00bb use_row_as_full_screen_section=\u00bbno\u00bb type=\u00bbfull_width\u00bb text_align=\u00bbleft\u00bb background_animation=\u00bbnone\u00bb css_animation=\u00bb\u00bb][vc_column][vc_column_text] Pol\u00edtica de confidencialidad &nbsp; Introducci\u00f3n Ante el desarrollo de nuevas herramientas de comunicaci\u00f3n, es necesario prestar especial atenci\u00f3n a la protecci\u00f3n de la privacidad. Por eso nos comprometemos a respetar la&#8230;<\/p>\n","protected":false},"author":1,"featured_media":0,"parent":0,"menu_order":0,"comment_status":"closed","ping_status":"closed","template":"","meta":{"footnotes":""},"class_list":["post-131","page","type-page","status-publish","hentry"],"yoast_head":"<!-- This site is optimized with the Yoast SEO plugin v27.2 - https:\/\/yoast.com\/product\/yoast-seo-wordpress\/ -->\n<title>Confidencialidad - Music And Colour<\/title>\n<meta name=\"robots\" content=\"index, follow, max-snippet:-1, max-image-preview:large, max-video-preview:-1\" \/>\n<link rel=\"canonical\" href=\"https:\/\/musicandcolour.com\/es\/confidencialidad\/\" \/>\n<meta property=\"og:locale\" content=\"es_ES\" \/>\n<meta property=\"og:type\" content=\"article\" \/>\n<meta property=\"og:title\" content=\"Confidencialidad - Music And Colour\" \/>\n<meta property=\"og:description\" content=\"[vc_row row_type=\u00bbrow\u00bb use_row_as_full_screen_section=\u00bbno\u00bb type=\u00bbfull_width\u00bb text_align=\u00bbleft\u00bb background_animation=\u00bbnone\u00bb css_animation=\u00bb\u00bb][vc_column][vc_empty_space height=\u00bb100&#8243;][\/vc_column][\/vc_row][vc_row row_type=\u00bbrow\u00bb use_row_as_full_screen_section=\u00bbno\u00bb type=\u00bbfull_width\u00bb text_align=\u00bbleft\u00bb background_animation=\u00bbnone\u00bb css_animation=\u00bb\u00bb][vc_column][vc_column_text] Pol\u00edtica de confidencialidad &nbsp; Introducci\u00f3n Ante el desarrollo de nuevas herramientas de comunicaci\u00f3n, es necesario prestar especial atenci\u00f3n a la protecci\u00f3n de la privacidad. Por eso nos comprometemos a respetar la...\" \/>\n<meta property=\"og:url\" content=\"https:\/\/musicandcolour.com\/es\/confidencialidad\/\" \/>\n<meta property=\"og:site_name\" content=\"Music And Colour\" \/>\n<meta property=\"article:modified_time\" content=\"2021-01-25T09:20:49+00:00\" \/>\n<meta property=\"og:image\" content=\"https:\/\/musicandcolour.com\/wp-content\/uploads\/2021\/01\/Mosaique.jpg\" \/>\n\t<meta property=\"og:image:width\" content=\"600\" \/>\n\t<meta property=\"og:image:height\" content=\"600\" \/>\n\t<meta property=\"og:image:type\" content=\"image\/jpeg\" \/>\n<meta name=\"twitter:card\" content=\"summary_large_image\" \/>\n<meta name=\"twitter:label1\" content=\"Tiempo de lectura\" \/>\n\t<meta name=\"twitter:data1\" content=\"2 minutos\" \/>\n<!-- \/ Yoast SEO plugin. -->","yoast_head_json":{"title":"Confidencialidad - Music And Colour","robots":{"index":"index","follow":"follow","max-snippet":"max-snippet:-1","max-image-preview":"max-image-preview:large","max-video-preview":"max-video-preview:-1"},"canonical":"https:\/\/musicandcolour.com\/es\/confidencialidad\/","og_locale":"es_ES","og_type":"article","og_title":"Confidencialidad - Music And Colour","og_description":"[vc_row row_type=\u00bbrow\u00bb use_row_as_full_screen_section=\u00bbno\u00bb type=\u00bbfull_width\u00bb text_align=\u00bbleft\u00bb background_animation=\u00bbnone\u00bb css_animation=\u00bb\u00bb][vc_column][vc_empty_space height=\u00bb100&#8243;][\/vc_column][\/vc_row][vc_row row_type=\u00bbrow\u00bb use_row_as_full_screen_section=\u00bbno\u00bb type=\u00bbfull_width\u00bb text_align=\u00bbleft\u00bb background_animation=\u00bbnone\u00bb css_animation=\u00bb\u00bb][vc_column][vc_column_text] Pol\u00edtica de confidencialidad &nbsp; Introducci\u00f3n Ante el desarrollo de nuevas herramientas de comunicaci\u00f3n, es necesario prestar especial atenci\u00f3n a la protecci\u00f3n de la privacidad. Por eso nos comprometemos a respetar la...","og_url":"https:\/\/musicandcolour.com\/es\/confidencialidad\/","og_site_name":"Music And Colour","article_modified_time":"2021-01-25T09:20:49+00:00","og_image":[{"width":600,"height":600,"url":"https:\/\/musicandcolour.com\/wp-content\/uploads\/2021\/01\/Mosaique.jpg","type":"image\/jpeg"}],"twitter_card":"summary_large_image","twitter_misc":{"Tiempo de lectura":"2 minutos"},"schema":{"@context":"https:\/\/schema.org","@graph":[{"@type":"WebPage","@id":"https:\/\/musicandcolour.com\/es\/confidencialidad\/","url":"https:\/\/musicandcolour.com\/es\/confidencialidad\/","name":"Confidencialidad - Music And Colour","isPartOf":{"@id":"https:\/\/musicandcolour.com\/#website"},"datePublished":"2021-01-16T19:14:06+00:00","dateModified":"2021-01-25T09:20:49+00:00","breadcrumb":{"@id":"https:\/\/musicandcolour.com\/es\/confidencialidad\/#breadcrumb"},"inLanguage":"es","potentialAction":[{"@type":"ReadAction","target":["https:\/\/musicandcolour.com\/es\/confidencialidad\/"]}]},{"@type":"BreadcrumbList","@id":"https:\/\/musicandcolour.com\/es\/confidencialidad\/#breadcrumb","itemListElement":[{"@type":"ListItem","position":1,"name":"Accueil","item":"https:\/\/musicandcolour.com\/es\/"},{"@type":"ListItem","position":2,"name":"Confidencialidad"}]},{"@type":"WebSite","@id":"https:\/\/musicandcolour.com\/#website","url":"https:\/\/musicandcolour.com\/","name":"Music And Colour","description":"Fascinating Experience","potentialAction":[{"@type":"SearchAction","target":{"@type":"EntryPoint","urlTemplate":"https:\/\/musicandcolour.com\/?s={search_term_string}"},"query-input":{"@type":"PropertyValueSpecification","valueRequired":true,"valueName":"search_term_string"}}],"inLanguage":"es"}]}},"_links":{"self":[{"href":"https:\/\/musicandcolour.com\/es\/wp-json\/wp\/v2\/pages\/131","targetHints":{"allow":["GET"]}}],"collection":[{"href":"https:\/\/musicandcolour.com\/es\/wp-json\/wp\/v2\/pages"}],"about":[{"href":"https:\/\/musicandcolour.com\/es\/wp-json\/wp\/v2\/types\/page"}],"author":[{"embeddable":true,"href":"https:\/\/musicandcolour.com\/es\/wp-json\/wp\/v2\/users\/1"}],"replies":[{"embeddable":true,"href":"https:\/\/musicandcolour.com\/es\/wp-json\/wp\/v2\/comments?post=131"}],"version-history":[{"count":3,"href":"https:\/\/musicandcolour.com\/es\/wp-json\/wp\/v2\/pages\/131\/revisions"}],"predecessor-version":[{"id":309,"href":"https:\/\/musicandcolour.com\/es\/wp-json\/wp\/v2\/pages\/131\/revisions\/309"}],"wp:attachment":[{"href":"https:\/\/musicandcolour.com\/es\/wp-json\/wp\/v2\/media?parent=131"}],"curies":[{"name":"wp","href":"https:\/\/api.w.org\/{rel}","templated":true}]}}